{"id":2749,"date":"2025-01-01T00:00:27","date_gmt":"2024-12-31T23:00:27","guid":{"rendered":"http:\/\/oscar.matthiasweng.com\/?page_id=2749"},"modified":"2026-03-16T04:43:55","modified_gmt":"2026-03-16T03:43:55","slug":"aftershow","status":"publish","type":"page","link":"https:\/\/oscartippspiel.de\/en\/","title":{"rendered":"Ater Show Party"},"content":{"rendered":"\n<div class=\"wp-block-group is-layout-grid wp-container-core-group-is-layout-e3fa7302 wp-block-group-is-layout-grid\">\n<div class=\"wp-block-group has-border-color has-base-border-color wp-container-content-92bd9e4d has-global-padding is-layout-constrained wp-container-core-group-is-layout-c1b05d50 wp-block-group-is-layout-constrained\" style=\"border-width:2px;border-radius:20px;padding-top:30px;padding-right:30px;padding-bottom:50px;padding-left:30px\">\n<h1 class=\"wp-block-heading has-text-align-left Jost\">After Show Party!<\/h1>\n\n\n\n<p>Es ist wieder passiert. In Hollywood haben die Oscars ihre neuen Besitzer gefunden und es wurde einmal mehr der maximale Glitzer und Glamour aufgefahren. Nach seinen 13 Nominierungen wurde \u201eSinners\u201d nicht der gro\u00dfe Gewinner des Abends und musste sich mit vier gewonnenen Kategorien dem gro\u00dfen Abr\u00e4umer \u201eOne Battle After Another\u201d mit sechs Oscars geschlagen geben.<\/p>\n\n\n\n\n\n<p>Auch f\u00fcr unser Tippspiel ist es richtig gut gelaufen: Es gab erneut eine Rekordbeteiligung. Noch nie zuvor haben so viele von euch ihre Tipps abgegeben und f\u00fcr ihre Favoriten mitgefiebert. Und noch nie gab es so viele Gewinner auf einmal.<\/p>\n\n\n\n<a class=\"gb-text-27bdc1d5\" href=\"https:\/\/oscartippspiel.de\/2026winner\/\"><span class=\"gb-shape\"><!--?xml version=\"1.0\" encoding=\"UTF-8\"?-->\n<svg id=\"b\" data-name=\"Ebene 2\" xmlns=\"http:\/\/www.w3.org\/2000\/svg\" width=\"4.73\" height=\"5\" viewBox=\"0 0 4.73 5\">\n  <g id=\"c\" data-name=\"Partner Logos\">\n    <path id=\"d\" data-name=\"TM_bttn_arrow_goto\" d=\"M0,2.872v-.737h3.588L1.817.513l.507-.513,2.406,2.264v.473l-2.406,2.263-.513-.52,1.763-1.608H0Z\"><\/path>\n  <\/g>\n<\/svg><\/span><span class=\"gb-text\">Gewinner 2026<\/span><\/a>\n\n\n\n<p>Wenn du noch einmal nachschauen m\u00f6chtest, wie du in den vergangenen Jahren abgeschnitten hast, findest du alle bisherigen Ergebnisse hier:<\/p>\n\n\n\n<a class=\"gb-text-4364dbbe\" href=\"https:\/\/oscartippspiel.de\/winner\/\"><span class=\"gb-shape\"><!--?xml version=\"1.0\" encoding=\"UTF-8\"?-->\n<svg id=\"b\" data-name=\"Ebene 2\" xmlns=\"http:\/\/www.w3.org\/2000\/svg\" width=\"4.73\" height=\"5\" viewBox=\"0 0 4.73 5\">\n  <g id=\"c\" data-name=\"Partner Logos\">\n    <path id=\"d\" data-name=\"TM_bttn_arrow_goto\" d=\"M0,2.872v-.737h3.588L1.817.513l.507-.513,2.406,2.264v.473l-2.406,2.263-.513-.52,1.763-1.608H0Z\"><\/path>\n  <\/g>\n<\/svg><\/span><span class=\"gb-text\">Alle Gewinner<\/span><\/a>\n<\/div>\n\n\n\n<div class=\"wp-block-group is-vertical is-layout-flex wp-container-core-group-is-layout-fe9cc265 wp-block-group-is-layout-flex\">\n<div class=\"wp-block-group has-custom-purple-gradient-background has-background wp-container-content-9cfa9a5a has-global-padding is-layout-constrained wp-container-core-group-is-layout-edcd9cee wp-block-group-is-layout-constrained\" style=\"border-radius:20px;padding-top:30px;padding-right:30px;padding-bottom:30px;padding-left:30px;background-image:url(&apos;https:\/\/oscartippspiel.de\/wp-content\/uploads\/2025\/01\/Oscar_bg_V1.jpg&apos;);background-position:0% 0%;background-size:cover;\">\n<h2 class=\"wp-block-heading has-text-align-left Jost\">And the Oscar goes&nbsp;to&nbsp;\u2026<\/h2>\n\n\n\n<p>Damit du dir ein vollst\u00e4ndiges Bild machen kannst, findest du auf den folgenden Seiten alle Kategorien, alle Nominierten und die dazugeh\u00f6rigen Trailer.<\/p>\n\n\n\n<p>Au\u00dferdem siehst du alle Filme, die schon auf Streamingdiensten verf\u00fcgbar sind, und kannst dir einen \u00dcberblick verschaffen, ob alle Oscars ihren verdienten Gewinner gefunden haben.<\/p>\n\n\n\n<div class=\"wp-block-group has-medium-font-size is-layout-flex wp-container-core-group-is-layout-b56ea84c wp-block-group-is-layout-flex\" style=\"font-style:normal;font-weight:500\">\n<a class=\"gb-text-faaba1ed\" href=\"https:\/\/oscartippspiel.de\/nominierungen\/\"><span class=\"gb-shape\"><!--?xml version=\"1.0\" encoding=\"UTF-8\"?-->\n<svg id=\"b\" data-name=\"Ebene 2\" xmlns=\"http:\/\/www.w3.org\/2000\/svg\" width=\"4.73\" height=\"5\" viewBox=\"0 0 4.73 5\">\n  <g id=\"c\" data-name=\"Partner Logos\">\n    <path id=\"d\" data-name=\"TM_bttn_arrow_goto\" d=\"M0,2.872v-.737h3.588L1.817.513l.507-.513,2.406,2.264v.473l-2.406,2.263-.513-.52,1.763-1.608H0Z\"><\/path>\n  <\/g>\n<\/svg><\/span><span class=\"gb-text\">Alle Nominierungen<\/span><\/a>\n\n\n\n<a class=\"gb-text-56664ae7\" href=\"https:\/\/oscartippspiel.de\/nominierungen\/streaming\/\"><span class=\"gb-shape\"><!--?xml version=\"1.0\" encoding=\"UTF-8\"?-->\n<svg id=\"b\" data-name=\"Ebene 2\" xmlns=\"http:\/\/www.w3.org\/2000\/svg\" width=\"4.73\" height=\"5\" viewBox=\"0 0 4.73 5\">\n  <g id=\"c\" data-name=\"Partner Logos\">\n    <path id=\"d\" data-name=\"TM_bttn_arrow_goto\" d=\"M0,2.872v-.737h3.588L1.817.513l.507-.513,2.406,2.264v.473l-2.406,2.263-.513-.52,1.763-1.608H0Z\"><\/path>\n  <\/g>\n<\/svg><\/span><span class=\"gb-text\">Streaming \u00dcbersicht<\/span><\/a>\n<\/div>\n<\/div>\n\n\n\n<div class=\"wp-block-group has-custom-purple-plum-gradient-background has-background has-link-color wp-elements-0bae7c43e91e6de61ba88375e77d12f3 has-global-padding is-layout-constrained wp-container-core-group-is-layout-edcd9cee wp-block-group-is-layout-constrained\" style=\"border-radius:20px;padding-top:30px;padding-right:30px;padding-bottom:30px;padding-left:30px\">\n<h2 class=\"wp-block-heading has-text-align-left Jost has-contrast-color has-text-color has-link-color wp-elements-f3d7383b05495c5b4b5b45e61a8c7bc2\">Newsletter<\/h2>\n\n\n\n<p class=\"has-text-align-left has-contrast-color has-text-color has-link-color wp-elements-fc038b61a377a27ab1bd9a4aca2e50d0\">Neu beim Tippspiel? Kein Problem! Mit unserem Newsletter verpasst du keine Neuigkeiten und bist beim n\u00e4chsten Oscar-Tippspiel von Anfang an mit dabei.<\/p>\n\n\n\n\n<style id=\"fluentform-block-custom-styles-17\">.fluentform.fluentform_wrapper_17.ff_guten_block.ff_guten_block-17 .ff-el-form-control, .fluentform.fluentform_wrapper_17.ff_guten_block.ff_guten_block-17 .ff-el-input--content input, .fluentform.fluentform_wrapper_17.ff_guten_block.ff_guten_block-17 .ff-el-input--content textarea, .fluentform.fluentform_wrapper_17.ff_guten_block.ff_guten_block-17 .ff-el-input--content select { padding-top: 10px; padding-right: 20px; padding-bottom: 10px; padding-left: 20px; }\n.fluentform.fluentform_wrapper_17.ff_guten_block.ff_guten_block-17 .ff-el-form-control, .fluentform.fluentform_wrapper_17.ff_guten_block.ff_guten_block-17 .ff-el-input--content input, .fluentform.fluentform_wrapper_17.ff_guten_block.ff_guten_block-17 .ff-el-input--content textarea, .fluentform.fluentform_wrapper_17.ff_guten_block.ff_guten_block-17 .ff-el-input--content select { color: #ffffff; background-color: #f0e6e661; font-size: 16px; font-weight: 500; }\n.fluentform.fluentform_wrapper_17.ff_guten_block.ff_guten_block-17 .ff-el-form-control, .fluentform.fluentform_wrapper_17.ff_guten_block.ff_guten_block-17 .ff-el-input--content input, .fluentform.fluentform_wrapper_17.ff_guten_block.ff_guten_block-17 .ff-el-input--content textarea, .fluentform.fluentform_wrapper_17.ff_guten_block.ff_guten_block-17 .ff-el-input--content select { border-style: solid; border-color: #f0e6e661; border-width: 0px; border-radius: 100px; }\n.fluentform.fluentform_wrapper_17.ff_guten_block.ff_guten_block-17 .ff-el-form-control:focus, .fluentform.fluentform_wrapper_17.ff_guten_block.ff_guten_block-17 .ff-el-input--content input:focus, .fluentform.fluentform_wrapper_17.ff_guten_block.ff_guten_block-17 .ff-el-input--content textarea:focus, .fluentform.fluentform_wrapper_17.ff_guten_block.ff_guten_block-17 .ff-el-input--content select:focus { padding-top: 10px; padding-right: 20px; padding-bottom: 10px; padding-left: 20px; }\n.fluentform.fluentform_wrapper_17.ff_guten_block.ff_guten_block-17 .ff-el-form-control:focus, .fluentform.fluentform_wrapper_17.ff_guten_block.ff_guten_block-17 .ff-el-input--content input:focus, .fluentform.fluentform_wrapper_17.ff_guten_block.ff_guten_block-17 .ff-el-input--content textarea:focus, .fluentform.fluentform_wrapper_17.ff_guten_block.ff_guten_block-17 .ff-el-input--content select:focus { color: #ffffff; }\n.fluentform.fluentform_wrapper_17.ff_guten_block.ff_guten_block-17 .ff-el-input--content input::placeholder, .fluentform.fluentform_wrapper_17.ff_guten_block.ff_guten_block-17 .ff-el-input--content textarea::placeholder { color: #ffffff80; }\n.fluentform.fluentform_wrapper_17.ff_guten_block.ff_guten_block-17 .ff-el-input--content input::placeholder, .fluentform.fluentform_wrapper_17.ff_guten_block.ff_guten_block-17 .ff-el-input--content textarea::placeholder { font-weight: 300; }\n.fluentform.fluentform_wrapper_17.ff_guten_block.ff_guten_block-17 .ff_submit_btn_wrapper .ff-btn-submit { padding-top: 5px; padding-right: 15px; padding-bottom: 5px; padding-left: 15px; }\n.fluentform.fluentform_wrapper_17.ff_guten_block.ff_guten_block-17 .ff_submit_btn_wrapper .ff-btn-submit { color: #fffffffc; background-color: #ffffff00; }\n.fluentform.fluentform_wrapper_17.ff_guten_block.ff_guten_block-17 .ff_submit_btn_wrapper .ff-btn-submit { border-style: solid; border-color: #ffffff; border-width: 2px; border-radius: 100px; }\n.fluentform.fluentform_wrapper_17.ff_guten_block.ff_guten_block-17 .ff_submit_btn_wrapper .ff-btn-submit:hover { color: #413769; background-color: #fffffffc; }\n.fluentform.fluentform_wrapper_17.ff_guten_block.ff_guten_block-17 .ff-el-form-check label { color: #ffffff; font-size: 14px;; }\n<\/style><div class='fluentform ff-default fluentform_wrapper_17  ff_guten_block ff_guten_block-17 ffs_default_wrap'><form data-form_id=\"17\" id=\"fluentform_17\" class=\"frm-fluent-form fluent_form_17 ff-el-form-top ff_form_instance_17_2 ff-form-loading ffs_default\" data-form_instance=\"ff_form_instance_17_2\" method=\"POST\" data-turnstile_key=\"0x4AAAAAAB1SrDui2FZbR04m\" ><fieldset  style=\"border: none!important;margin: 0!important;padding: 0!important;background-color: transparent!important;box-shadow: none!important;outline: none!important; min-inline-size: 100%;\">\n                    <legend class=\"ff_screen_reader_title\" style=\"display: block; margin: 0!important;padding: 0!important;height: 0!important;text-indent: -999999px;width: 0!important;overflow:hidden;\">Newsletter \u2013\u00a0en<\/legend><input type='hidden' name='__fluent_form_embded_post_id' value='2749' \/><input type=\"hidden\" id=\"_fluentform_17_fluentformnonce\" name=\"_fluentform_17_fluentformnonce\" value=\"9f2dc11106\" \/><input type=\"hidden\" name=\"_wp_http_referer\" value=\"\/en\/wp-json\/wp\/v2\/pages\/2749\" \/><div data-type=\"name-element\" data-name=\"names\" class=\" ff-field_container ff-name-field-wrapper\" ><div class='ff-t-container'><div class='ff-t-cell '><div class='ff-el-group  ff-el-form-hide_label'><div class=\"ff-el-input--label asterisk-right\"><label for='ff_17_2_names_first_name_' id='label_ff_17_2_names_first_name_' >Vorname<\/label><\/div><div class='ff-el-input--content'><input type=\"text\" name=\"names[first_name]\" id=\"ff_17_2_names_first_name_\" class=\"ff-el-form-control\" placeholder=\"First Name\" aria-invalid=\"false\" aria-required=false><\/div><\/div><\/div><div class='ff-t-cell '><div class='ff-el-group  ff-el-form-hide_label'><div class=\"ff-el-input--label asterisk-right\"><label for='ff_17_2_names_last_name_' id='label_ff_17_2_names_last_name_' >Nachname<\/label><\/div><div class='ff-el-input--content'><input type=\"text\" name=\"names[last_name]\" id=\"ff_17_2_names_last_name_\" class=\"ff-el-form-control\" placeholder=\"Last Name\" aria-invalid=\"false\" aria-required=false><\/div><\/div><\/div><\/div><\/div><div class='ff-el-group ff-el-form-hide_label'><div class=\"ff-el-input--label ff-el-is-required asterisk-right\"><label for='ff_17_2_email' id='label_ff_17_2_email' aria-label=\"E-Mail-Adresse\">E-Mail-Adresse<\/label><\/div><div class='ff-el-input--content'><input type=\"email\" name=\"email\" id=\"ff_17_2_email\" class=\"ff-el-form-control\" placeholder=\"Email\" data-name=\"email\"  aria-invalid=\"false\" aria-required=true><\/div><\/div><div class='ff-el-group    ff-el-input--content'><div class='ff-el-form-check ff-el-tc'><label aria-label='Terms and Conditions: I have read the Privacy Policy and agree to the storage of my data. Contains 1 link. Use tab navigation to review.' class='ff-el-form-check-label ff_tc_label' for=gdpr-agreement_6c231e8153ae048241f96339846bdd76><span class='ff_tc_checkbox'><input type=\"checkbox\" name=\"gdpr-agreement\" class=\"ff-el-form-check-input ff_gdpr_field\" data-name=\"gdpr-agreement\" id=\"gdpr-agreement_6c231e8153ae048241f96339846bdd76\"  value='on' aria-invalid='false' aria-required=true><\/span> <div class='ff_t_c'>I have read the <a href=\"https:\/\/oscartippspiel.de\/privacy\/\" data-type=\"page\" data-id=\"3\">Privacy Policy<\/a> and agree to the storage of my data.<\/div><\/label><\/div><\/div><div class='ff-el-group ff-text-left ff_submit_btn_wrapper ff_submit_btn_wrapper_custom'><button class=\"ff-btn ff-btn-submit ff-btn-md ff_btn_style\" type=\"submit\" name=\"custom_submit_button-17_1\" data-name=\"custom_submit_button-17_1\"  aria-label=\"Submit\">Submit<\/button><style>form.fluent_form_17 .ff-btn-submit { background-color: #1a7efb; color: #ffffff; }<\/style><\/div><div class='ff-el-group ' style='margin-bottom: 0;'><div class='ff-el-input--content'><div data-fluent_id='17' name='cf-turnstile-response'><div\n\t\tdata-sitekey='0x4AAAAAAB1SrDui2FZbR04m'\n\t\tdata-theme='auto'\n\t\tid='fluentform-turnstile-17-2'\n\t\tclass='ff-el-turnstile cf-turnstile'\n\t\tdata-appearance='interaction-only'><\/div><\/div><\/div><\/div><\/fieldset><\/form><div id='fluentform_17_errors' class='ff-errors-in-stack ff_form_instance_17_2 ff-form-loading_errors ff_form_instance_17_2_errors'><\/div><\/div>            <script type=\"text\/javascript\">\n                window.fluent_form_ff_form_instance_17_2 = {\"id\":\"17\",\"settings\":{\"layout\":{\"labelPlacement\":\"top\",\"helpMessagePlacement\":\"with_label\",\"errorMessagePlacement\":\"inline\",\"cssClassName\":\"\",\"asteriskPlacement\":\"asterisk-right\"},\"restrictions\":{\"denyEmptySubmission\":{\"enabled\":false}}},\"form_instance\":\"ff_form_instance_17_2\",\"form_id_selector\":\"fluentform_17\",\"rules\":{\"names[first_name]\":{\"required\":{\"value\":false,\"message\":\"This field is required\",\"global\":false,\"global_message\":\"This field is required\"}},\"names[middle_name]\":{\"required\":{\"value\":false,\"message\":\"This field is required\",\"global\":false,\"global_message\":\"This field is required\"}},\"names[last_name]\":{\"required\":{\"value\":false,\"message\":\"This field is required\",\"global\":false,\"global_message\":\"This field is required\"}},\"email\":{\"required\":{\"value\":true,\"message\":\"E-Mail-Adresse eingeben\",\"global\":false,\"global_message\":\"This field is required\"},\"email\":{\"value\":true,\"message\":\"Korrekte E-Mail-Adresse eingeben\",\"global\":false,\"global_message\":\"This field must contain a valid email\"}},\"gdpr-agreement\":{\"required\":{\"value\":true,\"message\":\"Dieses Feld ist erforderlich\",\"global\":false,\"global_message\":\"This field is required\"}},\"cf-turnstile-response\":[]},\"debounce_time\":300};\n                            <\/script>\n            <\/div>\n<\/div>\n<\/div>\n","protected":false},"excerpt":{"rendered":"<p>Die Oscars wurden vergeben und Hollywood stand wieder Kopf. Da durfte unser allj\u00e4hrliches Oscar Tippspiel nat\u00fcrlich nicht fehlen!<\/p>","protected":false},"author":3,"featured_media":0,"parent":2,"menu_order":3,"comment_status":"closed","ping_status":"closed","template":"","meta":{"_acf_changed":false,"_eb_attr":"","footnotes":""},"class_list":["post-2749","page","type-page","status-publish","hentry"],"acf":[],"_links":{"self":[{"href":"https:\/\/oscartippspiel.de\/en\/wp-json\/wp\/v2\/pages\/2749","targetHints":{"allow":["GET"]}}],"collection":[{"href":"https:\/\/oscartippspiel.de\/en\/wp-json\/wp\/v2\/pages"}],"about":[{"href":"https:\/\/oscartippspiel.de\/en\/wp-json\/wp\/v2\/types\/page"}],"author":[{"embeddable":true,"href":"https:\/\/oscartippspiel.de\/en\/wp-json\/wp\/v2\/users\/3"}],"replies":[{"embeddable":true,"href":"https:\/\/oscartippspiel.de\/en\/wp-json\/wp\/v2\/comments?post=2749"}],"version-history":[{"count":12,"href":"https:\/\/oscartippspiel.de\/en\/wp-json\/wp\/v2\/pages\/2749\/revisions"}],"predecessor-version":[{"id":10354,"href":"https:\/\/oscartippspiel.de\/en\/wp-json\/wp\/v2\/pages\/2749\/revisions\/10354"}],"up":[{"embeddable":true,"href":"https:\/\/oscartippspiel.de\/en\/wp-json\/wp\/v2\/pages\/2"}],"wp:attachment":[{"href":"https:\/\/oscartippspiel.de\/en\/wp-json\/wp\/v2\/media?parent=2749"}],"curies":[{"name":"wp","href":"https:\/\/api.w.org\/{rel}","templated":true}]}}