{"id":63,"date":"2023-01-01T00:00:48","date_gmt":"2022-12-31T23:00:48","guid":{"rendered":"http:\/\/oscar.matthiasweng.com\/?page_id=63"},"modified":"2026-01-29T21:33:20","modified_gmt":"2026-01-29T20:33:20","slug":"rules","status":"publish","type":"page","link":"https:\/\/oscartippspiel.de\/en\/rules\/","title":{"rendered":"Rules"},"content":{"rendered":"<div class=\"wp-block-group alignwide uag-hide-mob has-global-padding is-content-justification-left is-layout-constrained wp-container-core-group-is-layout-f3ab9546 wp-block-group-is-layout-constrained\">\n<div class=\"wp-block-group has-global-padding is-content-justification-left is-layout-constrained wp-container-core-group-is-layout-0e0a5664 wp-block-group-is-layout-constrained\">\n<div class=\"wp-block-group has-border-color has-base-border-color is-vertical is-content-justification-center is-layout-flex wp-container-core-group-is-layout-e66f017d wp-block-group-is-layout-flex block-visibility-hide-small-screen\" style=\"border-width:2px;border-radius:20px;min-height:150px;padding-top:25px;padding-right:30px;padding-bottom:25px;padding-left:30px\">\n<h1 class=\"wp-block-heading alignwide has-text-align-right has-xx-large-font-size\" style=\"line-height:0.8\">Rules<\/h1>\n<\/div>\n<\/div>\n\n\n\n<div class=\"wp-block-group has-border-color has-base-border-color has-x-large-font-size is-vertical is-content-justification-center is-layout-flex wp-container-core-group-is-layout-201d9e6a wp-block-group-is-layout-flex block-visibility-hide-large-screen block-visibility-hide-medium-screen\" style=\"border-width:2px;border-radius:20px;min-height:75px;padding-top:20px;padding-right:30px;padding-bottom:20px;padding-left:30px\">\n<h1 class=\"wp-block-heading alignwide has-text-align-center has-x-large-font-size\">Rules<\/h1>\n<\/div>\n<\/div>\n\n\n\n<div class=\"wp-block-group is-layout-grid wp-container-core-group-is-layout-fd1e081d wp-block-group-is-layout-grid\">\n<div class=\"wp-block-group has-contrast-color has-custom-purple-pure-gradient-background has-text-color has-background has-link-color wp-elements-01a743013c9150fe7b813cc2d8f7c828 wp-container-content-dbdba21d has-global-padding is-content-justification-left is-layout-constrained wp-container-core-group-is-layout-914e4ba1 wp-block-group-is-layout-constrained\" style=\"border-radius:20px;padding-top:30px;padding-right:30px;padding-bottom:30px;padding-left:30px\">\n<h2 class=\"wp-block-heading has-text-align-left Jost has-contrast-color has-text-color has-link-color wp-elements-4288b0d478da473c890c9c98e6c556f2\">First things first...<\/h2>\n\n\n\n<p class=\"has-text-align-left\">Das Oscar Tippspiel ist ganz einfach, tut niemandem weh und zu gewinnen gibt es wie immer nichts Gro\u00dfartiges \u2013 au\u00dfer Ruhm, Ehre und einem kleinen St\u00fcck Hollywood-Feeling f\u00fcr die Gewinner:innen.<\/p>\n<\/div>\n\n\n\n<div class=\"wp-block-group has-custom-champagne-gradient-background has-background has-link-color wp-elements-8c76502b985a3333e42e7086149cf828 is-vertical is-content-justification-left is-layout-flex wp-container-core-group-is-layout-7d449796 wp-block-group-is-layout-flex\" style=\"border-radius:20px;padding-top:30px;padding-right:30px;padding-bottom:30px;padding-left:30px\">\n<h2 class=\"wp-block-heading\">The Prediction Game<\/h2>\n\n\n\n<p>On this page, you will find the complete list of nominees for the upcoming Academy Awards, i.e. the Oscars. As you browse through the categories and films, you may notice that some titles or actors are unfamiliar to you \u2013 and that's perfectly fine.<\/p>\n\n\n\n<p>This is all about having fun. Just start predicting. The more people participate, the more fun it will be.<\/p>\n<\/div>\n\n\n\n<div class=\"wp-block-group has-base-color has-text-color has-background has-link-color wp-elements-2423c7894d76cc924c461d10941a5968 is-vertical is-content-justification-left is-layout-flex wp-container-core-group-is-layout-6a4337bc wp-block-group-is-layout-flex\" style=\"border-radius:20px;background:linear-gradient(45deg,rgb(105,85,165) 0%,rgb(195,165,160) 65%);padding-top:30px;padding-right:25px;padding-bottom:30px;padding-left:25px;background-image:url(&apos;https:\/\/oscartippspiel.de\/wp-content\/uploads\/2025\/01\/Oscar_bg_V3.jpg&apos;);background-position:50% 0;background-size:135%;background-attachment:scroll;\">\n<h2 class=\"wp-block-heading\">The Nominees<\/h2>\n\n\n\n<p>For each category, you will find the respective nominations, trailers and links where you can watch the film if you wish. This gives you a good overview of the different categories and helps you decide who to vote for. Of course, you can also just vote based on your gut feeling.<\/p>\n\n\n\n<a class=\"gb-text-27bdc1d5\" href=\"https:\/\/oscartippspiel.de\/en\/nominierungen\/\"><span class=\"gb-shape\"><!--?xml version=\"1.0\" encoding=\"UTF-8\"?-->\n<svg id=\"b\" data-name=\"Ebene 2\" xmlns=\"http:\/\/www.w3.org\/2000\/svg\" width=\"4.73\" height=\"5\" viewbox=\"0 0 4.73 5\">\n  <g id=\"c\" data-name=\"Partner Logos\">\n    <path id=\"d\" data-name=\"TM_bttn_arrow_goto\" d=\"M0,2.872v-.737h3.588L1.817.513l.507-.513,2.406,2.264v.473l-2.406,2.263-.513-.52,1.763-1.608H0Z\"><\/path>\n  <\/g>\n<\/svg><\/span><span class=\"gb-text\">All Nominations<\/span><\/a>\n<\/div>\n\n\n\n<div class=\"wp-block-group has-custom-rose-gradient-background has-background is-vertical is-content-justification-left is-layout-flex wp-container-core-group-is-layout-7d449796 wp-block-group-is-layout-flex\" style=\"border-radius:20px;padding-top:30px;padding-right:30px;padding-bottom:30px;padding-left:30px\">\n<h2 class=\"wp-block-heading\">Your participation<\/h2>\n\n\n\n<p>Simply fill out the prediction list using the selection menus, enter your details and click on \u2018Submit\u2019 at the end. You are now participating in the prediction game.<\/p>\n\n\n\n<p style=\"font-style:normal;font-weight:600\">You have until 23:59 (CET) on 15 March 2026.<\/p>\n\n\n\n<p>If you want to change your predictions, that's no problem: go back to the prediction submission page and submit a new, fully completed list. The last list submitted will be taken into account in the evaluation.<\/p>\n\n\n\n<a class=\"gb-text-bd8e4810\" href=\"https:\/\/oscartippspiel.de\/en\/voting\/\"><span class=\"gb-shape\"><!--?xml version=\"1.0\" encoding=\"UTF-8\"?-->\n<svg id=\"b\" data-name=\"Ebene 2\" xmlns=\"http:\/\/www.w3.org\/2000\/svg\" width=\"4.73\" height=\"5\" viewbox=\"0 0 4.73 5\">\n  <g id=\"c\" data-name=\"Partner Logos\">\n    <path id=\"d\" data-name=\"TM_bttn_arrow_goto\" d=\"M0,2.872v-.737h3.588L1.817.513l.507-.513,2.406,2.264v.473l-2.406,2.263-.513-.52,1.763-1.608H0Z\"><\/path>\n  <\/g>\n<\/svg><\/span><span class=\"gb-text\">Participate<\/span><\/a>\n<\/div>\n\n\n\n<div class=\"wp-block-group has-base-color has-custom-champagne-gradient-background has-text-color has-background is-vertical is-content-justification-left is-layout-flex wp-container-core-group-is-layout-7d449796 wp-block-group-is-layout-flex\" style=\"border-radius:20px;padding-top:30px;padding-right:30px;padding-bottom:30px;padding-left:30px\">\n<h2 class=\"wp-block-heading\">The Winners<\/h2>\n\n\n\n<p>For each correctly predicted Oscar winner, there is one point, which is added to three different scores:<\/p>\n\n\n\n<div class=\"wp-block-group has-global-padding is-layout-constrained wp-container-core-group-is-layout-19e250f3 wp-block-group-is-layout-constrained\">\n<p style=\"font-style:normal;font-weight:600\">Glamour Category<\/p>\n\n\n\n<p>The real reason why people are interested in the Oscars. This includes the four acting categories and \u2018Best Picture\u2019.<\/p>\n<\/div>\n\n\n\n<div class=\"wp-block-group has-global-padding is-layout-constrained wp-container-core-group-is-layout-19e250f3 wp-block-group-is-layout-constrained\">\n<p style=\"font-style:normal;font-weight:600\">Cineaste Category<\/p>\n\n\n\n<p>All other categories \u2013 for true film connoisseurs or very lucky tipsters.<\/p>\n<\/div>\n\n\n\n<div class=\"wp-block-group has-global-padding is-layout-constrained wp-container-core-group-is-layout-19e250f3 wp-block-group-is-layout-constrained\">\n<p style=\"font-style:normal;font-weight:600\">Hollywood Expert Category<\/p>\n\n\n\n<p>The supreme discipline: the glamour and cineaste scores combined.<\/p>\n<\/div>\n\n\n\n<p>The winner is the person who collects the most points in one of the three scores. It's actually quite simple.<\/p>\n<\/div>\n\n\n\n<div class=\"wp-block-group has-border-color has-base-border-color wp-container-content-dbdba21d is-vertical is-content-justification-left is-layout-flex wp-container-core-group-is-layout-42d80e43 wp-block-group-is-layout-flex\" style=\"border-width:2px;border-radius:20px;min-height:320px;padding-top:50px;padding-right:30px;padding-bottom:50px;padding-left:30px\">\n<h2 class=\"wp-block-heading\">The Results<\/h2>\n\n\n\n<p>Depending on how tired we are, the results might take a bit longer or be ready really quickly. It's hard to say for sure.<\/p>\n\n\n\n<p>The winners of the different categories will be notified by email the next day and, of course, showered with glory and honour. Plus, the full results will be published on the website.<\/p>\n\n\n\n<a class=\"gb-text-042dcd95\" href=\"https:\/\/oscartippspiel.de\/en\/winner\/\"><span class=\"gb-shape\"><!--?xml version=\"1.0\" encoding=\"UTF-8\"?-->\n<svg id=\"b\" data-name=\"Ebene 2\" xmlns=\"http:\/\/www.w3.org\/2000\/svg\" width=\"4.73\" height=\"5\" viewbox=\"0 0 4.73 5\">\n  <g id=\"c\" data-name=\"Partner Logos\">\n    <path id=\"d\" data-name=\"TM_bttn_arrow_goto\" d=\"M0,2.872v-.737h3.588L1.817.513l.507-.513,2.406,2.264v.473l-2.406,2.263-.513-.52,1.763-1.608H0Z\"><\/path>\n  <\/g>\n<\/svg><\/span><span class=\"gb-text\">All Winners<\/span><\/a>\n<\/div>\n\n\n\n<div class=\"wp-block-group has-base-color has-text-color has-link-color wp-elements-3327d5d9c6616e1b12f6b498ad8b7767 wp-container-content-dbdba21d is-vertical is-layout-flex wp-container-core-group-is-layout-40a3ae89 wp-block-group-is-layout-flex has-background\" style=\"border-radius:20px;min-height:320px;padding-top:30px;padding-right:30px;padding-bottom:30px;padding-left:30px;background-image:url(&apos;https:\/\/oscartippspiel.de\/wp-content\/uploads\/2025\/01\/Oscar_bg_V1.jpg&apos;);background-position:0% 66%;background-size:cover;\">\n<h2 class=\"wp-block-heading has-text-align-left\">Everything clear?<\/h2>\n\n\n\n<div class=\"wp-block-group has-global-padding is-content-justification-left is-layout-constrained wp-container-core-group-is-layout-7cef470d wp-block-group-is-layout-constrained\">\n<p>Then let's get started.<\/p>\n\n\n\n<p>Have fun and good luck with your predictions and cheering on your favourites during this year's Oscar ceremony!<\/p>\n<\/div>\n\n\n\n<a class=\"gb-text-e053e9ad\" href=\"https:\/\/oscartippspiel.de\/en\/voting\/\"><span class=\"gb-shape\"><!--?xml version=\"1.0\" encoding=\"UTF-8\"?-->\n<svg id=\"b\" data-name=\"Ebene 2\" xmlns=\"http:\/\/www.w3.org\/2000\/svg\" width=\"4.73\" height=\"5\" viewbox=\"0 0 4.73 5\">\n  <g id=\"c\" data-name=\"Partner Logos\">\n    <path id=\"d\" data-name=\"TM_bttn_arrow_goto\" d=\"M0,2.872v-.737h3.588L1.817.513l.507-.513,2.406,2.264v.473l-2.406,2.263-.513-.52,1.763-1.608H0Z\"><\/path>\n  <\/g>\n<\/svg><\/span><span class=\"gb-text\">Participate<\/span><\/a>\n<\/div>\n<\/div>","protected":false},"excerpt":{"rendered":"<p>Spielregeln Spielregeln Vorab\u2026 Das Oscar Tippspiel ist ganz einfach, tut niemandem weh und zu gewinnen gibt es wie immer nichts Gro\u00dfartiges \u2013 au\u00dfer Ruhm, Ehre und einem kleinen St\u00fcck Hollywood-Feeling f\u00fcr die Gewinner:innen. Das Tippspiel Auf dieser Seite findest du die komplette Nominierungsliste der kommenden Academy Awards, also der Oscar-Verleihung. Beim Durchschauen der Kategorien und [&hellip;]<\/p>\n","protected":false},"author":3,"featured_media":0,"parent":0,"menu_order":2,"comment_status":"closed","ping_status":"closed","template":"","meta":{"_acf_changed":false,"_eb_attr":"","footnotes":""},"class_list":["post-63","page","type-page","status-publish","hentry"],"acf":[],"_links":{"self":[{"href":"https:\/\/oscartippspiel.de\/en\/wp-json\/wp\/v2\/pages\/63","targetHints":{"allow":["GET"]}}],"collection":[{"href":"https:\/\/oscartippspiel.de\/en\/wp-json\/wp\/v2\/pages"}],"about":[{"href":"https:\/\/oscartippspiel.de\/en\/wp-json\/wp\/v2\/types\/page"}],"author":[{"embeddable":true,"href":"https:\/\/oscartippspiel.de\/en\/wp-json\/wp\/v2\/users\/3"}],"replies":[{"embeddable":true,"href":"https:\/\/oscartippspiel.de\/en\/wp-json\/wp\/v2\/comments?post=63"}],"version-history":[{"count":9,"href":"https:\/\/oscartippspiel.de\/en\/wp-json\/wp\/v2\/pages\/63\/revisions"}],"predecessor-version":[{"id":9828,"href":"https:\/\/oscartippspiel.de\/en\/wp-json\/wp\/v2\/pages\/63\/revisions\/9828"}],"wp:attachment":[{"href":"https:\/\/oscartippspiel.de\/en\/wp-json\/wp\/v2\/media?parent=63"}],"curies":[{"name":"wp","href":"https:\/\/api.w.org\/{rel}","templated":true}]}}