{"id":72,"date":"2023-01-01T00:00:52","date_gmt":"2022-12-31T23:00:52","guid":{"rendered":"http:\/\/oscar.matthiasweng.com\/?page_id=72"},"modified":"2026-03-16T00:10:02","modified_gmt":"2026-03-15T23:10:02","slug":"voting","status":"publish","type":"page","link":"https:\/\/oscartippspiel.de\/en\/voting\/","title":{"rendered":"Participate"},"content":{"rendered":"<div class=\"wp-block-group alignwide has-global-padding is-content-justification-left is-layout-constrained wp-container-core-group-is-layout-12dd3699 wp-block-group-is-layout-constrained\">\n<div class=\"wp-block-group uag-hide-mob has-global-padding is-layout-constrained wp-block-group-is-layout-constrained block-visibility-hide-small-screen\">\n<div class=\"wp-block-group alignwide uag-hide-mob is-nowrap is-layout-flex wp-container-core-group-is-layout-504887bb wp-block-group-is-layout-flex has-background\" style=\"border-radius:20px;min-height:235px;padding-top:30px;padding-right:30px;padding-bottom:30px;padding-left:30px;background-image:url(&apos;https:\/\/oscartippspiel.de\/wp-content\/uploads\/2025\/01\/Oscar_bg_V6.jpg&apos;);background-position:50% 100%;background-size:cover;\">\n<h1 class=\"wp-block-heading alignwide has-text-align-right uag-hide-mob has-contrast-color has-text-color has-link-color has-xx-large-font-size wp-elements-d58fa383eaea5133c52ee0454dca9155\" style=\"line-height:0.8\">Participate<\/h1>\n<\/div>\n<\/div>\n\n\n\n<h1 class=\"wp-block-heading alignwide has-text-align-center uag-hide-desktop uag-hide-tab block-visibility-hide-large-screen block-visibility-hide-medium-screen\" style=\"font-size:clamp(38.682px, 2.418rem + ((1vw - 3.2px) * 3.786), 72px);line-height:0.8\">Participate<\/h1>\n<\/div>\n\n\n\n\n\n<div class=\"wp-block-group alignwide has-global-padding is-layout-constrained wp-block-group-is-layout-constrained\">\n<div class=\"wp-block-group has-border-color has-global-padding is-layout-constrained wp-container-core-group-is-layout-edcd9cee wp-block-group-is-layout-constrained\" style=\"border-color:#413769;border-width:2px;border-top-left-radius:20px;border-top-right-radius:20px;border-bottom-left-radius:20px;border-bottom-right-radius:20px;padding-top:30px;padding-right:30px;padding-bottom:30px;padding-left:30px\">\n<div class=\"wp-block-group has-global-padding is-layout-constrained wp-container-core-group-is-layout-19e250f3 wp-block-group-is-layout-constrained\">\n<p style=\"font-style:normal;font-weight:600\">Unfortunately, the deadline for submitting predictions for this year's Oscar prediction game has already passed.<\/p>\n\n\n\n<p>New entries are no longer possible.<\/p>\n<\/div>\n\n\n\n<p>But there's no reason to be disappointed: enjoy Oscar night, cheer on your favourites and find out who the winners are afterwards.<\/p>\n\n\n\n<p>You can of course take part in the next Oscar prediction game right from the start!<\/p>\n<\/div>\n\n\n\n<div class=\"wp-block-group has-global-padding is-content-justification-left is-layout-constrained wp-container-core-group-is-layout-97499faa wp-block-group-is-layout-constrained\"><\/div>\n\n\n<\/div>","protected":false},"excerpt":{"rendered":"<p>Tippagbabe Tippabgabe In K\u00fcrze kannst du hier deine Tipps f\u00fcr alle Oscar-Kategorien abgeben und w\u00e4hrend der Oscar-Nacht mit deinen Favoriten mitfiebern. Leider ist die Zeit f\u00fcr die Tippabgabe f\u00fcr das diesj\u00e4hrige Oscar Tippspiel schon abgegeben. Neue Eintr\u00e4ge sind jetzt nicht mehr m\u00f6glich. Aber kein Grund, den Kopf h\u00e4ngen zu lassen: Genie\u00dfe die Oscar-Nacht, fieber mit [&hellip;]<\/p>\n","protected":false},"author":3,"featured_media":0,"parent":0,"menu_order":4,"comment_status":"closed","ping_status":"closed","template":"","meta":{"_acf_changed":false,"_eb_attr":"ABeeZee,DM Sans","footnotes":""},"class_list":["post-72","page","type-page","status-publish","hentry"],"acf":[],"_links":{"self":[{"href":"https:\/\/oscartippspiel.de\/en\/wp-json\/wp\/v2\/pages\/72","targetHints":{"allow":["GET"]}}],"collection":[{"href":"https:\/\/oscartippspiel.de\/en\/wp-json\/wp\/v2\/pages"}],"about":[{"href":"https:\/\/oscartippspiel.de\/en\/wp-json\/wp\/v2\/types\/page"}],"author":[{"embeddable":true,"href":"https:\/\/oscartippspiel.de\/en\/wp-json\/wp\/v2\/users\/3"}],"replies":[{"embeddable":true,"href":"https:\/\/oscartippspiel.de\/en\/wp-json\/wp\/v2\/comments?post=72"}],"version-history":[{"count":60,"href":"https:\/\/oscartippspiel.de\/en\/wp-json\/wp\/v2\/pages\/72\/revisions"}],"predecessor-version":[{"id":10334,"href":"https:\/\/oscartippspiel.de\/en\/wp-json\/wp\/v2\/pages\/72\/revisions\/10334"}],"wp:attachment":[{"href":"https:\/\/oscartippspiel.de\/en\/wp-json\/wp\/v2\/media?parent=72"}],"curies":[{"name":"wp","href":"https:\/\/api.w.org\/{rel}","templated":true}]}}